{"id":21,"date":"2022-07-04T09:41:16","date_gmt":"2022-07-04T07:41:16","guid":{"rendered":"https:\/\/www.ebservice.sk\/?page_id=21"},"modified":"2023-04-18T20:19:55","modified_gmt":"2023-04-18T18:19:55","slug":"kontakt","status":"publish","type":"page","link":"https:\/\/www.ebservice.sk\/?page_id=21","title":{"rendered":"Kontakt"},"content":{"rendered":"\n<p class=\"has-medium-font-size\">EB-service, s.r.o.<\/p>\n\n\n\n<p>email: info@ebservice.sk<\/p>\n\n\n\n<p>I\u010cO:  52 078 094<\/p>\n\n\n\n<p>DI\u010c: 2120884898<\/p>\n\n\n\n<p>I\u010c DPH: SK2120884898<\/p>\n\n\n\n<p>Mal\u00e1 1, Biely Kostol, 91934<\/p>\n\n\n\n<iframe src=\"https:\/\/www.google.com\/maps\/embed?pb=!1m18!1m12!1m3!1d5301.097441273372!2d17.52690422585582!3d48.36919461696996!2m3!1f0!2f0!3f0!3m2!1i1024!2i768!4f13.1!3m3!1m2!1s0x476ca14b1cf7ef25%3A0xe10f6a5bb773cb26!2sEB-service%2C%20s.r.o.!5e0!3m2!1ssk!2ssk!4v1656962366074!5m2!1ssk!2ssk\" width=\"600\" height=\"450\" style=\"border:0;\" allowfullscreen=\"\" loading=\"lazy\" referrerpolicy=\"no-referrer-when-downgrade\"><\/iframe>\n\n\n\n<p><\/p>\n","protected":false},"excerpt":{"rendered":"<p>EB-service, s.r.o. email: info@ebservice.sk I\u010cO: 52 078 094 DI\u010c: 2120884898 I\u010c DPH: SK2120884898 Mal\u00e1 1, Biely Kostol, 91934<\/p>\n","protected":false},"author":1,"featured_media":0,"parent":0,"menu_order":0,"comment_status":"closed","ping_status":"closed","template":"","meta":[],"_links":{"self":[{"href":"https:\/\/www.ebservice.sk\/index.php?rest_route=\/wp\/v2\/pages\/21"}],"collection":[{"href":"https:\/\/www.ebservice.sk\/index.php?rest_route=\/wp\/v2\/pages"}],"about":[{"href":"https:\/\/www.ebservice.sk\/index.php?rest_route=\/wp\/v2\/types\/page"}],"author":[{"embeddable":true,"href":"https:\/\/www.ebservice.sk\/index.php?rest_route=\/wp\/v2\/users\/1"}],"replies":[{"embeddable":true,"href":"https:\/\/www.ebservice.sk\/index.php?rest_route=%2Fwp%2Fv2%2Fcomments&post=21"}],"version-history":[{"count":16,"href":"https:\/\/www.ebservice.sk\/index.php?rest_route=\/wp\/v2\/pages\/21\/revisions"}],"predecessor-version":[{"id":77,"href":"https:\/\/www.ebservice.sk\/index.php?rest_route=\/wp\/v2\/pages\/21\/revisions\/77"}],"wp:attachment":[{"href":"https:\/\/www.ebservice.sk\/index.php?rest_route=%2Fwp%2Fv2%2Fmedia&parent=21"}],"curies":[{"name":"wp","href":"https:\/\/api.w.org\/{rel}","templated":true}]}}